{"id":720,"date":"2018-09-02T18:09:00","date_gmt":"2018-09-02T18:09:00","guid":{"rendered":"http:\/\/www.aptus-solutions.ch\/?page_id=720"},"modified":"2024-08-11T21:16:34","modified_gmt":"2024-08-11T20:16:34","slug":"schallpegelmesser-analysator","status":"publish","type":"page","link":"https:\/\/www.aptus-solutions.ch\/?page_id=720","title":{"rendered":"Schallpegel Grenzwerte einhalten und aufzeichnen"},"content":{"rendered":"<p><strong>Einhaltung der Schallpegel-Grenzwerte nach der Verordnung zum NISSG<\/strong><\/p>\n<p>Bei Veranstaltungen mit unverst\u00e4rktem Schall und einem mittleren Schallpegel &gt; 93dB(A) ist das Publikum mit Plakaten auf die m\u00f6gliche Sch\u00e4digung des Geh\u00f6rs darauf hinzuweisen. Weiter sind kostenlose Geh\u00f6rsch\u00fctze zur Verf\u00fcgung zu stellen.<\/p>\n<p>Bei Veranstaltungen mit verst\u00e4rktem Schall gilt grunds\u00e4tzlich:<br \/>\nDer mittlere Schallpegel LAeq1h von 100dB (A) sowie der maximale Schallpegel von 125dB(A) darf nicht \u00fcberschritten werden (wenn mehrheitlich Kinder und Jugendliche im Publikum sind gelten 93dB (A)).<br \/>\nJede Veranstaltung muss der Beh\u00f6rde inkl. auftretendem Schallpegel gemeldet werden.<\/p>\n<p>Spezifisch gem\u00e4ss gemeldetem Schallpegel gelten:<br \/>\nBei Veranstaltungen mit mittlerem Schallpegel von 93 &#8211; 96dB(A) (ohne Zeitlimite) und auch 96 &#8211; 100dB(A) &lt; 3 h ist das Publikum mit Plakaten auf die m\u00f6gliche Sch\u00e4digung des Geh\u00f6rs darauf hinzuweisen. Weiter sind kostenlose Geh\u00f6rsch\u00fctze zur Verf\u00fcgung zu stellen.<br \/>\nSobald die Veranstaltung 96 &#8211; 100dB (A) \u00fcber 3h erreicht ist zudem der Schallpegel aufzuzeichnen und es sind Ausgleichszonen zu schaffen.<\/p>\n<div class=\"page\" title=\"Page 4\">\n<div class=\"layoutArea\">\n<div class=\"column\">\n<p>Der XL2 Analysator hilft Ihnen bei der Einhaltung der gesetzlichen Vorschriften von Veranstaltungen nach der Schweizerischen Verordnung NISSG:<\/p>\n<ul>\n<li>Dauerschallpegel LAeq5min mit Zeitbewertung Fast t = 125 ms<\/li>\n<li>Maximaler Schallpegel LCpk<\/li>\n<li>Genaue Uhrzeit der Messung<\/li>\n<\/ul>\n<p>Vorteilhaft ist dabei ein Anzeige- Ampelsystem, welches direkt beim DJ- oder der Band aufgestellt werden kann.<\/p>\n<p><a href=\"https:\/\/www.bag.admin.ch\/dam\/bag\/de\/dokumente\/str\/schall\/faktenblatt_vnissg_schall.pdf.download.pdf\/Faktenblatt%20V-NISSG%20Veranstaltungen%20mit%20Schall.pdf\">Faktenblatt V-NISSG<\/a><\/p>\n<p>Verwenden Sie den XL2 Analysator <strong>zudem<\/strong> um PA- Anlagen einzumessen und die Akustik zu verbessern:<\/p>\n<ul>\n<li>Stellen Sie die einheitliche Polarit\u00e4t aller Lautsprecher sicher<\/li>\n<li>Optimieren die Verz\u00f6gerung der Delay- Line<\/li>\n<li>Optimieren Sie Kammfilter- und Resonanzeffekte, Nachhallprobleme<\/li>\n<li>\u00a0u.v.m<\/li>\n<\/ul>\n<p>Bei uns k\u00f6nnen Sie den NTI XL2 Audio- und Akustik- Analysator\u00a0mieten- oder uns f\u00fcr eine Aufnahme und Reporting f\u00fcr Ihren Anlass beauftragen. Fragen Sie uns unverbindlich an.<\/p>\n<p><a href=\"https:\/\/www.aptus-solutions.ch\/wp-content\/uploads\/2018\/09\/NTI-XL2-Projector-PRO.jpg\"><img loading=\"lazy\" decoding=\"async\" class=\"wp-image-732 alignnone\" src=\"https:\/\/www.aptus-solutions.ch\/wp-content\/uploads\/2018\/09\/NTI-XL2-Projector-PRO-1024x683.jpg\" alt=\"\" width=\"472\" height=\"315\" srcset=\"https:\/\/www.aptus-solutions.ch\/wp-content\/uploads\/2018\/09\/NTI-XL2-Projector-PRO.jpg 1024w, https:\/\/www.aptus-solutions.ch\/wp-content\/uploads\/2018\/09\/NTI-XL2-Projector-PRO-300x200.jpg 300w, https:\/\/www.aptus-solutions.ch\/wp-content\/uploads\/2018\/09\/NTI-XL2-Projector-PRO-768x512.jpg 768w\" sizes=\"auto, (max-width: 472px) 100vw, 472px\" \/><\/a><\/p>\n<\/div>\n<\/div>\n<\/div>\n","protected":false},"excerpt":{"rendered":"<p>Einhaltung der Schallpegel-Grenzwerte nach der Verordnung zum NISSG Bei Veranstaltungen mit unverst\u00e4rktem Schall und einem mittleren Schallpegel &gt; 93dB(A) ist das Publikum mit Plakaten auf die m\u00f6gliche Sch\u00e4digung des Geh\u00f6rs darauf hinzuweisen. Weiter sind kostenlose Geh\u00f6rsch\u00fctze zur Verf\u00fcgung zu stellen.<\/p>\n","protected":false},"author":2,"featured_media":0,"parent":223,"menu_order":2,"comment_status":"closed","ping_status":"closed","template":"","meta":{"footnotes":""},"class_list":["post-720","page","type-page","status-publish","hentry"],"_links":{"self":[{"href":"https:\/\/www.aptus-solutions.ch\/index.php?rest_route=\/wp\/v2\/pages\/720","targetHints":{"allow":["GET"]}}],"collection":[{"href":"https:\/\/www.aptus-solutions.ch\/index.php?rest_route=\/wp\/v2\/pages"}],"about":[{"href":"https:\/\/www.aptus-solutions.ch\/index.php?rest_route=\/wp\/v2\/types\/page"}],"author":[{"embeddable":true,"href":"https:\/\/www.aptus-solutions.ch\/index.php?rest_route=\/wp\/v2\/users\/2"}],"replies":[{"embeddable":true,"href":"https:\/\/www.aptus-solutions.ch\/index.php?rest_route=%2Fwp%2Fv2%2Fcomments&post=720"}],"version-history":[{"count":16,"href":"https:\/\/www.aptus-solutions.ch\/index.php?rest_route=\/wp\/v2\/pages\/720\/revisions"}],"predecessor-version":[{"id":1260,"href":"https:\/\/www.aptus-solutions.ch\/index.php?rest_route=\/wp\/v2\/pages\/720\/revisions\/1260"}],"up":[{"embeddable":true,"href":"https:\/\/www.aptus-solutions.ch\/index.php?rest_route=\/wp\/v2\/pages\/223"}],"wp:attachment":[{"href":"https:\/\/www.aptus-solutions.ch\/index.php?rest_route=%2Fwp%2Fv2%2Fmedia&parent=720"}],"curies":[{"name":"wp","href":"https:\/\/api.w.org\/{rel}","templated":true}]}}