{"id":696,"date":"2018-08-28T05:16:54","date_gmt":"2018-08-28T05:16:54","guid":{"rendered":"http:\/\/www.aptus-solutions.ch\/?page_id=696"},"modified":"2024-11-17T20:28:29","modified_gmt":"2024-11-17T19:28:29","slug":"test","status":"publish","type":"page","link":"https:\/\/www.aptus-solutions.ch\/?page_id=696","title":{"rendered":"Autorisierungen"},"content":{"rendered":"<p>Wir sind autorisierter:<\/p>\n<ul>\n<li>Fohhn\u00ae Partner<\/li>\n<\/ul>\n<p>und bedienen Sie in allen Anliegen.<\/p>\n<p>Mechanik, Akustik, Elektronik und Software bilden bei den innovativen Audiosysteml\u00f6sungen von Fohhn eine Einheit und selbstentwickelte digitale Technologien werden schon seit 1993 eingesetzt. Das Sortiment erm\u00f6glicht mit Punktschallquellen, Linienstrahlern, Line Arrays, Einbaulautsprechern und System-Endstufen optimale L\u00f6sungen f\u00fcr die Ausstattung kleiner Konferenzr\u00e4ume bis hin zu grossen Hallen und Stadien. Die ber\u00fchmte Fohhn Beam Steering Technologie erlaubt die Steuerung der Schallabstrahlung per Software. Bei Fohhn trifft perfekte visuelle Integration auf beste Klangqualit\u00e4t und leichte Bedienbarkeit. Geforscht, entwickelt und produziert wird ausschliesslich in N\u00fcrtingen \u2013 alle Produkte sind made in Germany.<\/p>\n<p><strong>Fohhn Audiosysteme \u00fcberzeugen. Ihr Ohr. Ihr Auge. Und Ihren Verstand.<\/strong><\/p>\n<p><span style=\"color: #ff6600;\">SOUNDS PERFECT.<\/span><br \/>\n<span style=\"color: #ff6600;\">IS PERFECT.<\/span><\/p>\n<p><img loading=\"lazy\" decoding=\"async\" class=\"alignnone  wp-image-1280\" src=\"https:\/\/www.aptus-solutions.ch\/wp-content\/uploads\/2024\/11\/Partner-Embleme_Authorized-1024x1024.jpg\" alt=\"\" width=\"206\" height=\"206\" srcset=\"https:\/\/www.aptus-solutions.ch\/wp-content\/uploads\/2024\/11\/Partner-Embleme_Authorized-1024x1024.jpg 1024w, https:\/\/www.aptus-solutions.ch\/wp-content\/uploads\/2024\/11\/Partner-Embleme_Authorized-300x300.jpg 300w, https:\/\/www.aptus-solutions.ch\/wp-content\/uploads\/2024\/11\/Partner-Embleme_Authorized-150x150.jpg 150w, https:\/\/www.aptus-solutions.ch\/wp-content\/uploads\/2024\/11\/Partner-Embleme_Authorized-768x768.jpg 768w, https:\/\/www.aptus-solutions.ch\/wp-content\/uploads\/2024\/11\/Partner-Embleme_Authorized-1536x1536.jpg 1536w, https:\/\/www.aptus-solutions.ch\/wp-content\/uploads\/2024\/11\/Partner-Embleme_Authorized-270x270.jpg 270w, https:\/\/www.aptus-solutions.ch\/wp-content\/uploads\/2024\/11\/Partner-Embleme_Authorized-230x230.jpg 230w, https:\/\/www.aptus-solutions.ch\/wp-content\/uploads\/2024\/11\/Partner-Embleme_Authorized.jpg 1667w\" sizes=\"auto, (max-width: 206px) 100vw, 206px\" \/><\/p>\n","protected":false},"excerpt":{"rendered":"<p>Wir sind autorisierter: Fohhn\u00ae Partner und bedienen Sie in allen Anliegen. Mechanik, Akustik, Elektronik und Software bilden bei den innovativen Audiosysteml\u00f6sungen von Fohhn eine Einheit und selbstentwickelte digitale Technologien werden schon seit 1993 eingesetzt. Das Sortiment erm\u00f6glicht mit Punktschallquellen, Linienstrahlern,<\/p>\n","protected":false},"author":2,"featured_media":0,"parent":223,"menu_order":2,"comment_status":"closed","ping_status":"closed","template":"","meta":{"footnotes":""},"class_list":["post-696","page","type-page","status-publish","hentry"],"_links":{"self":[{"href":"https:\/\/www.aptus-solutions.ch\/index.php?rest_route=\/wp\/v2\/pages\/696","targetHints":{"allow":["GET"]}}],"collection":[{"href":"https:\/\/www.aptus-solutions.ch\/index.php?rest_route=\/wp\/v2\/pages"}],"about":[{"href":"https:\/\/www.aptus-solutions.ch\/index.php?rest_route=\/wp\/v2\/types\/page"}],"author":[{"embeddable":true,"href":"https:\/\/www.aptus-solutions.ch\/index.php?rest_route=\/wp\/v2\/users\/2"}],"replies":[{"embeddable":true,"href":"https:\/\/www.aptus-solutions.ch\/index.php?rest_route=%2Fwp%2Fv2%2Fcomments&post=696"}],"version-history":[{"count":16,"href":"https:\/\/www.aptus-solutions.ch\/index.php?rest_route=\/wp\/v2\/pages\/696\/revisions"}],"predecessor-version":[{"id":1281,"href":"https:\/\/www.aptus-solutions.ch\/index.php?rest_route=\/wp\/v2\/pages\/696\/revisions\/1281"}],"up":[{"embeddable":true,"href":"https:\/\/www.aptus-solutions.ch\/index.php?rest_route=\/wp\/v2\/pages\/223"}],"wp:attachment":[{"href":"https:\/\/www.aptus-solutions.ch\/index.php?rest_route=%2Fwp%2Fv2%2Fmedia&parent=696"}],"curies":[{"name":"wp","href":"https:\/\/api.w.org\/{rel}","templated":true}]}}