{"id":529,"date":"2017-05-07T18:25:57","date_gmt":"2017-05-07T18:25:57","guid":{"rendered":"http:\/\/www.aptus-solutions.ch\/?page_id=529"},"modified":"2024-08-11T21:15:10","modified_gmt":"2024-08-11T20:15:10","slug":"waermebild-aufnahmen","status":"publish","type":"page","link":"https:\/\/www.aptus-solutions.ch\/?page_id=529","title":{"rendered":"W\u00e4rmebild Aufnahmen"},"content":{"rendered":"<p>Neu k\u00f6nnen Sie bei uns eine W\u00e4rmebildkamera mieten- oder uns f\u00fcr eine Aufnahme und Berichtserstellung beauftragen:<\/p>\n<ul class=\"MailOutline\">\n<li class=\"\">Baum\u00e4ngel aufsp\u00fcren und Bauqualit\u00e4t nachweisen<\/li>\n<li class=\"\">Heizungs- und Klimasysteme kontrollieren, optimieren, Fehler suchen<\/li>\n<li class=\"\">Mechanische-\/elektrische Systeme kontrollieren, optimieren, Fehler suchen<\/li>\n<li class=\"\">Solarthermische- und Photovoltaiksysteme\u00a0kontrollieren, Fehler suchen<\/li>\n<li class=\"\">Optional: Nachweis von W\u00e4rmebr\u00fccken \/ Schimmelbildung mit Anzeige von Feuchtebild<\/li>\n<\/ul>\n<p>Insbesondere in\u00a0unserer Kernkompetenz &#8211; der Photovoltaik- bieten wir vollumf\u00e4nglichen Service. Dies f\u00fcr Wartungs- und Kontrollarbeit oder Fehlersuche bei Defekten wie z.B.:<\/p>\n<ul>\n<li>Ertragsausf\u00e4lle durch defekte Bypassdioden<\/li>\n<li>Nicht angeschlossene Module\/Strings<\/li>\n<li>Degradation der Module (LID \/ PID usw.)<\/li>\n<li>Falsche Verschaltung der Module\/Strings<\/li>\n<li>u.v.m.<\/li>\n<\/ul>\n<p>Fragen Sie uns unverbindlich an.<\/p>\n<p><span style=\"color: #ff6600;\">ANGEPASSTE L\u00d6SUNGEN.<\/span><\/p>\n<p><a href=\"https:\/\/www.aptus-solutions.ch\/?attachment_id=531\" rel=\"attachment wp-att-531\">WB Kamera<\/a><\/p>\n","protected":false},"excerpt":{"rendered":"<p>Neu k\u00f6nnen Sie bei uns eine W\u00e4rmebildkamera mieten- oder uns f\u00fcr eine Aufnahme und Berichtserstellung beauftragen: Baum\u00e4ngel aufsp\u00fcren und Bauqualit\u00e4t nachweisen Heizungs- und Klimasysteme kontrollieren, optimieren, Fehler suchen Mechanische-\/elektrische Systeme kontrollieren, optimieren, Fehler suchen Solarthermische- und Photovoltaiksysteme\u00a0kontrollieren, Fehler suchen Optional:<\/p>\n","protected":false},"author":2,"featured_media":0,"parent":237,"menu_order":2,"comment_status":"closed","ping_status":"closed","template":"","meta":{"footnotes":""},"class_list":["post-529","page","type-page","status-publish","hentry"],"_links":{"self":[{"href":"https:\/\/www.aptus-solutions.ch\/index.php?rest_route=\/wp\/v2\/pages\/529","targetHints":{"allow":["GET"]}}],"collection":[{"href":"https:\/\/www.aptus-solutions.ch\/index.php?rest_route=\/wp\/v2\/pages"}],"about":[{"href":"https:\/\/www.aptus-solutions.ch\/index.php?rest_route=\/wp\/v2\/types\/page"}],"author":[{"embeddable":true,"href":"https:\/\/www.aptus-solutions.ch\/index.php?rest_route=\/wp\/v2\/users\/2"}],"replies":[{"embeddable":true,"href":"https:\/\/www.aptus-solutions.ch\/index.php?rest_route=%2Fwp%2Fv2%2Fcomments&post=529"}],"version-history":[{"count":7,"href":"https:\/\/www.aptus-solutions.ch\/index.php?rest_route=\/wp\/v2\/pages\/529\/revisions"}],"predecessor-version":[{"id":548,"href":"https:\/\/www.aptus-solutions.ch\/index.php?rest_route=\/wp\/v2\/pages\/529\/revisions\/548"}],"up":[{"embeddable":true,"href":"https:\/\/www.aptus-solutions.ch\/index.php?rest_route=\/wp\/v2\/pages\/237"}],"wp:attachment":[{"href":"https:\/\/www.aptus-solutions.ch\/index.php?rest_route=%2Fwp%2Fv2%2Fmedia&parent=529"}],"curies":[{"name":"wp","href":"https:\/\/api.w.org\/{rel}","templated":true}]}}