{"id":501,"date":"2017-04-06T19:29:47","date_gmt":"2017-04-06T19:29:47","guid":{"rendered":"http:\/\/www.aptus-solutions.ch\/?page_id=501"},"modified":"2024-08-11T21:15:19","modified_gmt":"2024-08-11T20:15:19","slug":"schutzkomponenten-2","status":"publish","type":"page","link":"https:\/\/www.aptus-solutions.ch\/?page_id=501","title":{"rendered":"Schutzkomponenten"},"content":{"rendered":"<p>&nbsp;<\/p>\n<p>Wir machen uns vor der Ausf\u00fchrung Gedanken \u00fcber den \u00e4usseren und inneren Blitzschutz und w\u00e4hlen objektspezifisch die passende L\u00f6sung. Nebst der Installation von g\u00e4ngigen Blitz- und \u00dcberspannungsableitger\u00e4ten sind die Einhaltung von Mindestabst\u00e4nden, die Anordnung der Ger\u00e4te und\/oder zus\u00e4tzliche Fundament- oder andere Erdungsmassnahmen \u00e4usserst wichtig, um die Wirksamkeit des Blitzschutzsystems zu Maximieren. Auf eine m\u00f6glichst EMV*- gerechte Montage legen wir hohen Wert.<\/p>\n<p>*Elektromagnetische Vertr\u00e4glichkeit<\/p>\n<p><span style=\"color: #ff6600;\">ANGEPASSTE L\u00d6SUNGEN.<\/span><\/p>\n","protected":false},"excerpt":{"rendered":"<p>&nbsp; Wir machen uns vor der Ausf\u00fchrung Gedanken \u00fcber den \u00e4usseren und inneren Blitzschutz und w\u00e4hlen objektspezifisch die passende L\u00f6sung. Nebst der Installation von g\u00e4ngigen Blitz- und \u00dcberspannungsableitger\u00e4ten sind die Einhaltung von Mindestabst\u00e4nden, die Anordnung der Ger\u00e4te und\/oder zus\u00e4tzliche Fundament-<\/p>\n","protected":false},"author":2,"featured_media":0,"parent":237,"menu_order":3,"comment_status":"closed","ping_status":"closed","template":"","meta":{"footnotes":""},"class_list":["post-501","page","type-page","status-publish","hentry"],"_links":{"self":[{"href":"https:\/\/www.aptus-solutions.ch\/index.php?rest_route=\/wp\/v2\/pages\/501","targetHints":{"allow":["GET"]}}],"collection":[{"href":"https:\/\/www.aptus-solutions.ch\/index.php?rest_route=\/wp\/v2\/pages"}],"about":[{"href":"https:\/\/www.aptus-solutions.ch\/index.php?rest_route=\/wp\/v2\/types\/page"}],"author":[{"embeddable":true,"href":"https:\/\/www.aptus-solutions.ch\/index.php?rest_route=\/wp\/v2\/users\/2"}],"replies":[{"embeddable":true,"href":"https:\/\/www.aptus-solutions.ch\/index.php?rest_route=%2Fwp%2Fv2%2Fcomments&post=501"}],"version-history":[{"count":5,"href":"https:\/\/www.aptus-solutions.ch\/index.php?rest_route=\/wp\/v2\/pages\/501\/revisions"}],"predecessor-version":[{"id":545,"href":"https:\/\/www.aptus-solutions.ch\/index.php?rest_route=\/wp\/v2\/pages\/501\/revisions\/545"}],"up":[{"embeddable":true,"href":"https:\/\/www.aptus-solutions.ch\/index.php?rest_route=\/wp\/v2\/pages\/237"}],"wp:attachment":[{"href":"https:\/\/www.aptus-solutions.ch\/index.php?rest_route=%2Fwp%2Fv2%2Fmedia&parent=501"}],"curies":[{"name":"wp","href":"https:\/\/api.w.org\/{rel}","templated":true}]}}