{"id":287,"date":"2017-02-01T08:54:10","date_gmt":"2017-02-01T08:54:10","guid":{"rendered":"http:\/\/www.aptus-solutions.ch\/?page_id=287"},"modified":"2024-08-11T21:15:02","modified_gmt":"2024-08-11T20:15:02","slug":"energiespeicher","status":"publish","type":"page","link":"https:\/\/www.aptus-solutions.ch\/?page_id=287","title":{"rendered":"Speichersysteme und Eigenverbrauch"},"content":{"rendered":"<p>Um die erzeugte Energie auch in Abend- und Nachtstunden zu nutzen haben sich <strong>Batteriespeichersysteme bew\u00e4hrt<\/strong>. Dabei ist die Sicherheit, Effizienz und Langlebigkeit\u00a0unser h\u00f6chstes Ziel.<br \/>\nWir berechnen f\u00fcr Sie mit einem professionellen Tool anhand von Verbrauchsprofilen- und Werten objektspezifisch die <strong>n\u00f6tige Speichergr\u00f6sse<\/strong> &#8211; dies bei Neu-\u00a0oder Nachr\u00fcstprojekten.<\/p>\n<p>Wo immer m\u00f6glich kann durch Einsatz von einfachen Hilfskomponenten und Steuerungen oder durch Nutzung von bereits in Wechselrichtern <strong>integrierten Energiemanager<\/strong> ein h\u00f6herer Eigenverbrauch erzielt werden. Der <strong>Einsatz von &#8222;Solar-Manager&#8220;<\/strong> hat sich in j\u00fcngster Zeit sehr bew\u00e4hrt. Durch Anbindung von Heizsystemen wie W\u00e4rmepumpen sowie elektro Ladestellen oder auch Heizeins\u00e4tze bei Boilern, kann der Eigenverbrauch massiv erh\u00f6ht werden. In Kombination eines Batteriespeichers ein &#8222;must have&#8220;.<\/p>\n<p>Eine einfache Produktions-\/Ertrags- und Verbrauchs- Visualisierung gibt dem Kunden die M\u00f6glichkeit, weitere Optimierungen vorzunehmen.<\/p>\n<p><span style=\"color: #ff6600;\">ANGEPASSTE L\u00d6SUNGEN.<\/span><\/p>\n","protected":false},"excerpt":{"rendered":"<p>Um die erzeugte Energie auch in Abend- und Nachtstunden zu nutzen haben sich Batteriespeichersysteme bew\u00e4hrt. Dabei ist die Sicherheit, Effizienz und Langlebigkeit\u00a0unser h\u00f6chstes Ziel. Wir berechnen f\u00fcr Sie mit einem professionellen Tool anhand von Verbrauchsprofilen- und Werten objektspezifisch die n\u00f6tige<\/p>\n","protected":false},"author":2,"featured_media":0,"parent":237,"menu_order":1,"comment_status":"closed","ping_status":"closed","template":"","meta":{"footnotes":""},"class_list":["post-287","page","type-page","status-publish","hentry"],"_links":{"self":[{"href":"https:\/\/www.aptus-solutions.ch\/index.php?rest_route=\/wp\/v2\/pages\/287","targetHints":{"allow":["GET"]}}],"collection":[{"href":"https:\/\/www.aptus-solutions.ch\/index.php?rest_route=\/wp\/v2\/pages"}],"about":[{"href":"https:\/\/www.aptus-solutions.ch\/index.php?rest_route=\/wp\/v2\/types\/page"}],"author":[{"embeddable":true,"href":"https:\/\/www.aptus-solutions.ch\/index.php?rest_route=\/wp\/v2\/users\/2"}],"replies":[{"embeddable":true,"href":"https:\/\/www.aptus-solutions.ch\/index.php?rest_route=%2Fwp%2Fv2%2Fcomments&post=287"}],"version-history":[{"count":20,"href":"https:\/\/www.aptus-solutions.ch\/index.php?rest_route=\/wp\/v2\/pages\/287\/revisions"}],"predecessor-version":[{"id":1050,"href":"https:\/\/www.aptus-solutions.ch\/index.php?rest_route=\/wp\/v2\/pages\/287\/revisions\/1050"}],"up":[{"embeddable":true,"href":"https:\/\/www.aptus-solutions.ch\/index.php?rest_route=\/wp\/v2\/pages\/237"}],"wp:attachment":[{"href":"https:\/\/www.aptus-solutions.ch\/index.php?rest_route=%2Fwp%2Fv2%2Fmedia&parent=287"}],"curies":[{"name":"wp","href":"https:\/\/api.w.org\/{rel}","templated":true}]}}