{"id":237,"date":"2017-02-01T06:29:27","date_gmt":"2017-02-01T06:29:27","guid":{"rendered":"http:\/\/www.aptus-solutions.ch\/?page_id=237"},"modified":"2024-08-11T21:14:50","modified_gmt":"2024-08-11T20:14:50","slug":"photovoltaikanlagen","status":"publish","type":"page","link":"https:\/\/www.aptus-solutions.ch\/?page_id=237","title":{"rendered":"Photovoltaikanlagen"},"content":{"rendered":"<h4>Stehen Sie auf der Sonnenseite<\/h4>\n<p>F\u00fcr Ihr Projekt beraten wir Sie vollumf\u00e4nglich im Thema Photovoltaik deren Auslegung und Installation.<br \/>\nWir berechnen f\u00fcr Sie mit einem professionellen Tool anhand von langj\u00e4hrigen Klimadatens\u00e4tzen und Verbrauchsprofilen objekt- und standortspezifisch die n\u00f6tige\u00a0Anlagengr\u00f6sse.<\/p>\n<p>Administrative Arbeiten wie Gesuche oder Anmeldungen \u00fcbernehmen wir f\u00fcr Sie und\u00a0auf Wunsch bieten wir Ihnen nebst den Anlagenkosten\u00a0auch die Baunebenleistungen an. Somit haben\u00a0Sie \u00dcbersicht \u00fcber die Gesamtkosten &#8211; ohne \u00dcberraschungen.<\/p>\n<p>Fragen Sie uns unverbindlich an.<\/p>\n<p><span style=\"color: #ff6600;\">ANGEPASSTE L\u00d6SUNGEN.<\/span><\/p>\n<p><a href=\"https:\/\/www.aptus-solutions.ch\/?page_id=287\">Energiespeicher<\/a><\/p>\n<p><a href=\"https:\/\/www.aptus-solutions.ch\/?page_id=501\">Schutzkomponenten<\/a><\/p>\n<p>&nbsp;<\/p>\n<p><a href=\"https:\/\/www.aptus-solutions.ch\/?attachment_id=146\" rel=\"attachment wp-att-146\">\u00a0<\/a><\/p>\n","protected":false},"excerpt":{"rendered":"<p>Stehen Sie auf der Sonnenseite F\u00fcr Ihr Projekt beraten wir Sie vollumf\u00e4nglich im Thema Photovoltaik deren Auslegung und Installation. Wir berechnen f\u00fcr Sie mit einem professionellen Tool anhand von langj\u00e4hrigen Klimadatens\u00e4tzen und Verbrauchsprofilen objekt- und standortspezifisch die n\u00f6tige\u00a0Anlagengr\u00f6sse. Administrative Arbeiten<\/p>\n","protected":false},"author":2,"featured_media":0,"parent":0,"menu_order":0,"comment_status":"closed","ping_status":"closed","template":"","meta":{"footnotes":""},"class_list":["post-237","page","type-page","status-publish","hentry"],"_links":{"self":[{"href":"https:\/\/www.aptus-solutions.ch\/index.php?rest_route=\/wp\/v2\/pages\/237","targetHints":{"allow":["GET"]}}],"collection":[{"href":"https:\/\/www.aptus-solutions.ch\/index.php?rest_route=\/wp\/v2\/pages"}],"about":[{"href":"https:\/\/www.aptus-solutions.ch\/index.php?rest_route=\/wp\/v2\/types\/page"}],"author":[{"embeddable":true,"href":"https:\/\/www.aptus-solutions.ch\/index.php?rest_route=\/wp\/v2\/users\/2"}],"replies":[{"embeddable":true,"href":"https:\/\/www.aptus-solutions.ch\/index.php?rest_route=%2Fwp%2Fv2%2Fcomments&post=237"}],"version-history":[{"count":20,"href":"https:\/\/www.aptus-solutions.ch\/index.php?rest_route=\/wp\/v2\/pages\/237\/revisions"}],"predecessor-version":[{"id":711,"href":"https:\/\/www.aptus-solutions.ch\/index.php?rest_route=\/wp\/v2\/pages\/237\/revisions\/711"}],"wp:attachment":[{"href":"https:\/\/www.aptus-solutions.ch\/index.php?rest_route=%2Fwp%2Fv2%2Fmedia&parent=237"}],"curies":[{"name":"wp","href":"https:\/\/api.w.org\/{rel}","templated":true}]}}