{"id":223,"date":"2017-02-01T06:13:57","date_gmt":"2017-02-01T06:13:57","guid":{"rendered":"http:\/\/www.aptus-solutions.ch\/?page_id=223"},"modified":"2024-11-17T20:30:46","modified_gmt":"2024-11-17T19:30:46","slug":"beschallungsanlagen","status":"publish","type":"page","link":"https:\/\/www.aptus-solutions.ch\/?page_id=223","title":{"rendered":"Veranstaltungstechnik"},"content":{"rendered":"<p><strong>Sound<\/strong><br \/>\nF\u00fcr Ihren Anlass k\u00f6nnen Sie bei uns diverse PA-Systeme mieten. Wir bieten Systeme f\u00fcr Live-, Sprech- oder DJ Anl\u00e4sse an. Der aktuelle Mietpark erlaubt es auf knapp zehn Kilowatt Systemleistung zu skalieren d.h. Anl\u00e4sse mit \u00fcber zweitausend\u00a0Personen qualitativ hochstehend zu beschallen. \u00a0Insbesondere k\u00f6nnen unsere Bassboxen als Beam Steering, Cardioid- oder Endfired Konfiguration betrieben werden, um gerichtetes Abstrahlverhalten, bessere R\u00fcckw\u00e4rtsd\u00e4mpfung oder mehr Reichweite zu erhalten.\u00a0Wir vermieten je nach Anlass das passende Equipment.<\/p>\n<p>Unsere Kompaktsysteme k\u00f6nnen durch Sie abgeholt und aufgestellt werden &#8211; eine vorg\u00e4ngige Konfiguration durch uns passt das System Ihren Bed\u00fcrfnissen an. Wahlweise k\u00f6nnen wir die Aufstell- und Abbauarbeiten f\u00fcr Sie \u00fcbernehmen.<\/p>\n<p><strong>Light<\/strong><br \/>\nBei Veranstaltungen mit Licht haben wir f\u00fcr kleinere bis mittlere Bed\u00fcrfnisse s\u00e4mtliche Grund- und Effektlichter- sowie Traversen und B\u00fchnenmaterialien im Angebot. Bei gr\u00f6sseren Veranstaltungen arbeiten wir mit einem Partner zusammen, damit wir f\u00fcr Sie ein Komplettangebot f\u00fcr hochstehende Anl\u00e4sse anbieten k\u00f6nnen.<\/p>\n<p><strong>Stage<\/strong><br \/>\nFalls Sie bei Ihrem Event auf eine B\u00fchne setzen sind Sie bei uns genau richtig. Unsere schnell aufgebauten-, leichten und stabilen B\u00fchnenelemente dienen f\u00fcr alle Eventualit\u00e4ten von Events.<\/p>\n<p>&nbsp;<\/p>\n<p><strong>Fohhn Audiosysteme \u00fcberzeugen. Ihr Ohr. Ihr Auge. Und Ihren Verstand.<\/strong><\/p>\n<p>Wer hat Lust auf d\u00fcnne, rumpelige B\u00e4sse und kreischende Hocht\u00f6ner? \u2013 Richtig: Niemand!<\/p>\n<p>Ein Lautsprechersystem von Fohhn garantiert\u00a0druckvollen Sound, der auch bei hohen Lautst\u00e4rken ausgewogen und angenehm bleibt. Dabei ist stets eine enorme\u00a0Leistungsf\u00e4higkeit bei vergleichsweise kompakten Abmessungen der Lautsprecher gegeben.<\/p>\n<p>Am <a href=\"https:\/\/www.aptus-solutions.ch\/?page_id=696\">Fohhn Partner Signet<\/a>\u00a0auf unserer Webseite erkennen Sie, dass wir autorisierter H\u00e4ndler f\u00fcr Fohhn Produkte sind. Wir beraten Sie gerne pers\u00f6nlich in allen wichtigen Fragen um Beschallungssysteme des deutschen Edel-Lautsprecherherstellers.<\/p>\n<p>Fohhn bietet ein umfassendes Produktprogramm f\u00fcr jegliche Beschallungsarten und Raumtypen &#8211; dies f\u00fcr fest- oder tempor\u00e4re Anwendungen.<\/p>\n<p><a href=\"https:\/\/www.aptus-solutions.ch\/wp-content\/uploads\/2019\/12\/F\u00fcr-jeden-Anlass-den-richtigen-Sound..jpg\"><img loading=\"lazy\" decoding=\"async\" class=\"alignleft size-large wp-image-995\" src=\"https:\/\/www.aptus-solutions.ch\/wp-content\/uploads\/2019\/12\/F\u00fcr-jeden-Anlass-den-richtigen-Sound.-1024x72.jpg\" alt=\"\" width=\"750\" height=\"53\" srcset=\"https:\/\/www.aptus-solutions.ch\/wp-content\/uploads\/2019\/12\/F\u00fcr-jeden-Anlass-den-richtigen-Sound.-1024x72.jpg 1024w, https:\/\/www.aptus-solutions.ch\/wp-content\/uploads\/2019\/12\/F\u00fcr-jeden-Anlass-den-richtigen-Sound.-300x21.jpg 300w, https:\/\/www.aptus-solutions.ch\/wp-content\/uploads\/2019\/12\/F\u00fcr-jeden-Anlass-den-richtigen-Sound.-768x54.jpg 768w, https:\/\/www.aptus-solutions.ch\/wp-content\/uploads\/2019\/12\/F\u00fcr-jeden-Anlass-den-richtigen-Sound..jpg 1330w\" sizes=\"auto, (max-width: 750px) 100vw, 750px\" \/><\/a><\/p>\n<p>&nbsp;<\/p>\n<p>&nbsp;<\/p>\n<p>&nbsp;<\/p>\n","protected":false},"excerpt":{"rendered":"<p>Sound F\u00fcr Ihren Anlass k\u00f6nnen Sie bei uns diverse PA-Systeme mieten. Wir bieten Systeme f\u00fcr Live-, Sprech- oder DJ Anl\u00e4sse an. Der aktuelle Mietpark erlaubt es auf knapp zehn Kilowatt Systemleistung zu skalieren d.h. Anl\u00e4sse mit \u00fcber zweitausend\u00a0Personen qualitativ hochstehend<\/p>\n","protected":false},"author":2,"featured_media":232,"parent":0,"menu_order":1,"comment_status":"closed","ping_status":"closed","template":"","meta":{"footnotes":""},"class_list":["post-223","page","type-page","status-publish","has-post-thumbnail","hentry"],"_links":{"self":[{"href":"https:\/\/www.aptus-solutions.ch\/index.php?rest_route=\/wp\/v2\/pages\/223","targetHints":{"allow":["GET"]}}],"collection":[{"href":"https:\/\/www.aptus-solutions.ch\/index.php?rest_route=\/wp\/v2\/pages"}],"about":[{"href":"https:\/\/www.aptus-solutions.ch\/index.php?rest_route=\/wp\/v2\/types\/page"}],"author":[{"embeddable":true,"href":"https:\/\/www.aptus-solutions.ch\/index.php?rest_route=\/wp\/v2\/users\/2"}],"replies":[{"embeddable":true,"href":"https:\/\/www.aptus-solutions.ch\/index.php?rest_route=%2Fwp%2Fv2%2Fcomments&post=223"}],"version-history":[{"count":28,"href":"https:\/\/www.aptus-solutions.ch\/index.php?rest_route=\/wp\/v2\/pages\/223\/revisions"}],"predecessor-version":[{"id":1282,"href":"https:\/\/www.aptus-solutions.ch\/index.php?rest_route=\/wp\/v2\/pages\/223\/revisions\/1282"}],"wp:featuredmedia":[{"embeddable":true,"href":"https:\/\/www.aptus-solutions.ch\/index.php?rest_route=\/wp\/v2\/media\/232"}],"wp:attachment":[{"href":"https:\/\/www.aptus-solutions.ch\/index.php?rest_route=%2Fwp%2Fv2%2Fmedia&parent=223"}],"curies":[{"name":"wp","href":"https:\/\/api.w.org\/{rel}","templated":true}]}}