{"id":1019,"date":"2020-01-14T19:51:55","date_gmt":"2020-01-14T19:51:55","guid":{"rendered":"http:\/\/www.aptus-solutions.ch\/?page_id=1019"},"modified":"2025-10-23T11:53:45","modified_gmt":"2025-10-23T10:53:45","slug":"auszug-referenzen","status":"publish","type":"page","link":"https:\/\/www.aptus-solutions.ch\/?page_id=1019","title":{"rendered":"Auszug Referenzen"},"content":{"rendered":"\n<ul class=\"wp-block-list\">\n<li>PVA 166kWp, T. H., Altishofen, 2012\/2013\/2014<\/li>\n\n\n\n<li>PVA 107kWp, R.A., Richenthal, 2013<\/li>\n\n\n\n<li>PVA 16kWp. T.K., St. Urban, 2014<\/li>\n\n\n\n<li>PVA 71kWp, B.K. Altishofen, 2015<\/li>\n\n\n\n<li>PVA 105kWp, M.F., Altb\u00fcron, 2015<\/li>\n\n\n\n<li>PVA 34kWp, H.K., Ebersecken, 2016<\/li>\n\n\n\n<li>PVA 11kWp, G.F., Dagmersellen 2017 (Hybrid WR)<\/li>\n\n\n\n<li>PVA 27kWp, D.K., Hasle 2018<\/li>\n\n\n\n<li>PVA 12kWp, E.D., Altishofen 2018 (Hybrid WR)<\/li>\n\n\n\n<li>PVA 105kWp, A.H., Ebersecken 2013\/2020<\/li>\n\n\n\n<li>PVA 23kWp, F.B., H\u00fcnenberg See 2021<\/li>\n\n\n\n<li>PVA 84kWp, S.K., Altishofen 2020\/2021<\/li>\n\n\n\n<li>PVA 10kWp, A.L., Triengen 2021<\/li>\n\n\n\n<li>PVA 22kWp, G.D., Dagmersellen 2021<\/li>\n\n\n\n<li>PVA 242kWp, K.G. Wauwil 2022<\/li>\n\n\n\n<li>PVA 113kWp, S.H. Sch\u00f6tz 2022<\/li>\n\n\n\n<li>PVA 75kWp, P.M. Roggliswil 2023<\/li>\n\n\n\n<li>PVA 196kWp, M.H. Ebersecken 2024<\/li>\n\n\n\n<li>PVA 84kWp, E.G. Dagmersellen 2024<\/li>\n\n\n\n<li>PVA 251kWp, WVGS Sch\u00f6tz 2025<\/li>\n<\/ul>\n\n\n\n<p>Anlagen mit Batteriespeicher:<\/p>\n\n\n\n<ul class=\"wp-block-list\">\n<li>PVA 11.76kWp \/ 9.6kWh (4.9kW \/ 410V), R.F., Reiden, 2016<\/li>\n\n\n\n<li>PVA 10.92kWp \/ 9.6kWh (4.9kW \/ 410V), O.F., D\u2019sellen, 2016<\/li>\n\n\n\n<li>PVA 12.60kWp \/ 9.6kWh (4.9kW \/ 410V), M.F., D\u2019sellen 2017<\/li>\n\n\n\n<li>PVA 21.35kWp \/ 11.5kWh (11.5kW \/ 460V), F.M. Altishofen 2018\/2019<\/li>\n\n\n\n<li>PVA 19.20kWp \/ 11.5kWh (11.5kW \/ 460V), M.E., Nottwil 2019\/2020<\/li>\n\n\n\n<li>PVA 57.76kWp \/ 55kWh (8kW \/ 110V), E.W., Ettiswil 2021<\/li>\n\n\n\n<li>PVA 20.44kWp \/ 22kWh (8kW \/ 110V), M.R., Egolzwil 2021<\/li>\n\n\n\n<li>PVA bestehend \/ 33kWh (8kW \/ 110V), P.A., Ettiswil 2021<\/li>\n\n\n\n<li>PVA 27.75kWp \/ 22kWh (8kW \/ 110V), B.K., Nottwil 2021<\/li>\n\n\n\n<li>PVA bestehend \/ 165kWh (16kW \/ 110V), A.S., Altishofen 2021\/25<\/li>\n\n\n\n<li>PVA 24kWp \/ 22kWh (8kW \/ 110V), P.H., Sch\u00f6tz 2021<\/li>\n\n\n\n<li>PVA 26kWp \/ 22kWh (8kW \/ 110V), W.B.,<\/li>\n\n\n\n<li>Nottwil 2022<\/li>\n\n\n\n<li>PVA 45.5kWp \/ 44kWh (8kW \/ 110V), H.B.,<\/li>\n\n\n\n<li>Roggliswil 2022<\/li>\n\n\n\n<li>PVA 150kVA \/ 110kWh (2&#215;9.9kW \/ 110V). B.E., Gunzwil 2023<\/li>\n\n\n\n<li>PVA 40kWp \/ 44kWh (9.9kW \/ 110V). MFH Buchs 2023<\/li>\n\n\n\n<li>PVA 60kWp \/ 55kWh (9.9kW \/ 110V). D.K., Hasle 2024<\/li>\n\n\n\n<li>PVA 150kWp \/ 110kWh (2x12kW \/ 110V). P.S., Nebikon 2025<\/li>\n<\/ul>\n\n\n\n<p>Dynamisches Solar-\/Leistungsmanagement (Solar Manager)<br>mit Einbindung der  W\u00e4rmepumpe, e-Ladestelle, Brauchwarmwasser, power to heat wie auch L\u00fcftungsanlagen:<\/p>\n\n\n\n<ul class=\"wp-block-list\">\n<li>PVA T.H., Altishofen, 2019<\/li>\n\n\n\n<li>PVA M.E., Nottwil, 2020<\/li>\n\n\n\n<li>PVA E.vH., Ennetb\u00fcrgen, 2020<\/li>\n\n\n\n<li>PVA E.D., Altishofen 2020<\/li>\n\n\n\n<li>PVA T.U., Kaltbach 2020<\/li>\n\n\n\n<li>PVA B.K., Nottwil 2021<\/li>\n\n\n\n<li>PVA P.A., Ettiswil 2021<\/li>\n\n\n\n<li>PVA M.R., Egolzwil 2021<\/li>\n\n\n\n<li>PVA W.B., Nottwil 2022<\/li>\n\n\n\n<li>PVA H.B., Roggliswil 2022<\/li>\n\n\n\n<li>PVA B.E., Gunzwil 2023<\/li>\n\n\n\n<li>PVA P.S., Nebikon 2025<\/li>\n\n\n\n<li>usw.<\/li>\n<\/ul>\n\n\n\n<p>Besichtigungen auf Anmeldung gerne m\u00f6glich.<\/p>\n","protected":false},"excerpt":{"rendered":"<p>Anlagen mit Batteriespeicher: Dynamisches Solar-\/Leistungsmanagement (Solar Manager)mit Einbindung der W\u00e4rmepumpe, e-Ladestelle, Brauchwarmwasser, power to heat wie auch L\u00fcftungsanlagen: Besichtigungen auf Anmeldung gerne m\u00f6glich.<\/p>\n","protected":false},"author":2,"featured_media":0,"parent":237,"menu_order":5,"comment_status":"closed","ping_status":"closed","template":"","meta":{"footnotes":""},"class_list":["post-1019","page","type-page","status-publish","hentry"],"_links":{"self":[{"href":"https:\/\/www.aptus-solutions.ch\/index.php?rest_route=\/wp\/v2\/pages\/1019","targetHints":{"allow":["GET"]}}],"collection":[{"href":"https:\/\/www.aptus-solutions.ch\/index.php?rest_route=\/wp\/v2\/pages"}],"about":[{"href":"https:\/\/www.aptus-solutions.ch\/index.php?rest_route=\/wp\/v2\/types\/page"}],"author":[{"embeddable":true,"href":"https:\/\/www.aptus-solutions.ch\/index.php?rest_route=\/wp\/v2\/users\/2"}],"replies":[{"embeddable":true,"href":"https:\/\/www.aptus-solutions.ch\/index.php?rest_route=%2Fwp%2Fv2%2Fcomments&post=1019"}],"version-history":[{"count":17,"href":"https:\/\/www.aptus-solutions.ch\/index.php?rest_route=\/wp\/v2\/pages\/1019\/revisions"}],"predecessor-version":[{"id":1366,"href":"https:\/\/www.aptus-solutions.ch\/index.php?rest_route=\/wp\/v2\/pages\/1019\/revisions\/1366"}],"up":[{"embeddable":true,"href":"https:\/\/www.aptus-solutions.ch\/index.php?rest_route=\/wp\/v2\/pages\/237"}],"wp:attachment":[{"href":"https:\/\/www.aptus-solutions.ch\/index.php?rest_route=%2Fwp%2Fv2%2Fmedia&parent=1019"}],"curies":[{"name":"wp","href":"https:\/\/api.w.org\/{rel}","templated":true}]}}